{"id":11364,"date":"2025-11-03T10:55:55","date_gmt":"2025-11-03T10:55:55","guid":{"rendered":"https:\/\/care4birds.bg\/product\/fungi-stop\/"},"modified":"2026-03-31T09:32:27","modified_gmt":"2026-03-31T09:32:27","slug":"fungi-stop","status":"publish","type":"product","link":"https:\/\/care4birds.bg\/tr\/urun\/fungi-stop\/","title":{"rendered":"Fungi Stop"},"content":{"rendered":"<div>\n<h6>Endikasyon:<\/h6>\n<p>G\u00fcvercin yeti\u015ftiricileri i\u00e7in baz\u0131 mantar t\u00fcrlerinin tah\u0131l \u00fczerinde b\u00fcy\u00fcd\u00fc\u011f\u00fc \u00f6nemlidir. K\u00f6t\u00fc hijyen mayalar\u0131n yay\u0131lmas\u0131na da neden olabilir. \u00c7o\u011fu sa\u011fl\u0131kl\u0131 ku\u015f etkilenmez, ancak ya\u015fl\u0131, hasta ve stresli ku\u015flar genellikle maya enfeksiyonu geli\u015ftirir. Bu ikincil enfeksiyonlar zaten zay\u0131f olan ba\u011f\u0131\u015f\u0131kl\u0131k sistemini zorlar ve iyile\u015fme s\u00fcrecini engeller.\n<\/p><\/div>\n<h6>Belirtiler:<\/h6>\n<div>Kabar\u0131k t\u00fcyler, i\u015ftahs\u0131zl\u0131k, kusma, \u015fi\u015fmi\u015f kursak, solunum zorluklar\u0131, genellikle ishal ile birlikte<\/div>\n<h6>Dozaj:<\/h6>\n<div><i>FUNGI STOP TOZ<\/i><br \/>\nYeme doz: ku\u015flar i\u00e7in genel: 5 g \/ 500 g yem, g\u00fcnde iki kez, 5-7 g\u00fcn.<\/div>\n<div>Suya doz: ku\u015flar i\u00e7in genel: 5 g \/ 1 L i\u00e7me suyu, g\u00fcnde iki kez, 5-7 g\u00fcn.<\/div>\n<div>Kullanmadan \u00f6nce iyice kar\u0131\u015ft\u0131r\u0131n!<\/div>\n<div>\u00d6nleme i\u00e7in her g\u00fcn 1 litre suya 5 ml sitrik asit verin.<\/div>\n<div>\n\u00d6l\u00e7\u00fc ka\u015f\u0131\u011f\u0131 dahildir.<\/p>\n<p><i>FUNGI STOP TABLET<\/i><br \/>\nTedavi: G\u00fcvercin ba\u015f\u0131na 1 tablet (400-500 g) 3-5 g\u00fcn veya veteriner \u00f6nerisine g\u00f6re.\n<\/div>\n<h6>\u0130\u00e7erik:<\/h6>\n<p><i>FUNGI STOP TOZ<\/i><br \/>\nGram ba\u015f\u0131na 200.000 IU Nistatin. Yard\u0131mc\u0131 maddeler 100 g\u2019a tamamlan\u0131r.<\/p>\n<p><i>FUNGI STOP TABLET<\/i><br \/>\nKetokonazol 75 mg\/g<\/p>\n","protected":false},"excerpt":{"rendered":"<p>Endikasyon: G\u00fcvercin yeti\u015ftiricileri i\u00e7in baz\u0131 mantar t\u00fcrlerinin tah\u0131l \u00fczerinde b\u00fcy\u00fcd\u00fc\u011f\u00fc \u00f6nemlidir. K\u00f6t\u00fc hijyen mayalar\u0131n yay\u0131lmas\u0131na da neden olabilir. \u00c7o\u011fu sa\u011fl\u0131kl\u0131 ku\u015f etkilenmez,&hellip;<\/p>\n","protected":false},"featured_media":10806,"template":"","meta":[],"product_cat":[222],"product_tag":[],"class_list":{"0":"post-11364","1":"product","2":"type-product","3":"status-publish","4":"has-post-thumbnail","6":"product_cat-guvercinler-icin-ilaclar","8":"first","9":"instock","10":"shipping-taxable","11":"product-type-simple"},"_links":{"self":[{"href":"https:\/\/care4birds.bg\/tr\/wp-json\/wp\/v2\/product\/11364","targetHints":{"allow":["GET"]}}],"collection":[{"href":"https:\/\/care4birds.bg\/tr\/wp-json\/wp\/v2\/product"}],"about":[{"href":"https:\/\/care4birds.bg\/tr\/wp-json\/wp\/v2\/types\/product"}],"wp:featuredmedia":[{"embeddable":true,"href":"https:\/\/care4birds.bg\/tr\/wp-json\/wp\/v2\/media\/10806"}],"wp:attachment":[{"href":"https:\/\/care4birds.bg\/tr\/wp-json\/wp\/v2\/media?parent=11364"}],"wp:term":[{"taxonomy":"product_cat","embeddable":true,"href":"https:\/\/care4birds.bg\/tr\/wp-json\/wp\/v2\/product_cat?post=11364"},{"taxonomy":"product_tag","embeddable":true,"href":"https:\/\/care4birds.bg\/tr\/wp-json\/wp\/v2\/product_tag?post=11364"}],"curies":[{"name":"wp","href":"https:\/\/api.w.org\/{rel}","templated":true}]}}