{"id":11381,"date":"2025-11-03T10:54:21","date_gmt":"2025-11-03T10:54:21","guid":{"rendered":"https:\/\/care4birds.bg\/product\/combi-mix\/"},"modified":"2026-03-31T09:03:33","modified_gmt":"2026-03-31T09:03:33","slug":"combi-mix","status":"publish","type":"product","link":"https:\/\/care4birds.bg\/tr\/urun\/combi-mix\/","title":{"rendered":"Combi Mix"},"content":{"rendered":"<div>\n<h6>Endikasyon:<\/h6>\n<p>Combi mix 4 in 1, trichomonas, hexamita, koksidiyoz ve bo\u011fazdaki mukusun tedavisi i\u00e7in uygundur. Yar\u0131\u015f sezonunda ku\u015flar\u0131n en iyi durumda olmas\u0131 performans i\u00e7in \u00e7ok \u00f6nemlidir. Hem koruyucu hem tedavi ama\u00e7l\u0131 kullan\u0131labilir.\n<\/p><\/div>\n<h6>Belirtiler:<\/h6>\n<div>Kondisyon d\u00fc\u015f\u00fckl\u00fc\u011f\u00fc, sindirim bozuklu\u011fu, sulu d\u0131\u015fk\u0131. Bo\u011fazda fazla mukus, k\u0131zar\u0131kl\u0131k, a\u011f\u0131zda beyaz-sar\u0131 alanlar, solunum sorunlar\u0131.<\/div>\n<h6>Dozaj:<\/h6>\n<div><i>COMBI MIX 4 IN 1 TOZ<\/i><br \/>\nKoruma: 1 \u00f6l\u00e7\u00fc ka\u015f\u0131\u011f\u0131 (=5g) 2 litre suya 2 haftada bir 1-2 g\u00fcn, tercihen yar\u0131\u015ftan sonra. Kullanmadan \u00f6nce kar\u0131\u015ft\u0131r\u0131n!<\/div>\n<div>Tedavi: 1 \u00f6l\u00e7\u00fc ka\u015f\u0131\u011f\u0131 (=5g) 2 litre suya 5-7 g\u00fcn.<\/div>\n<div>Gerekirse tekrar edilebilir.<\/div>\n<div>Suya \u00e7\u00f6z\u00fcnebilen toz olup yemle de verilebilir.<\/div>\n<div>\n\u00d6l\u00e7\u00fc ka\u015f\u0131\u011f\u0131 dahildir.<\/p>\n<p><i>COMBI TABLET<\/i><br \/>\nKoruyucu: G\u00fcvercin ba\u015f\u0131na 1 tablet (400-500 g) 1-2 g\u00fcn.<br \/>\nTedavi: G\u00fcvercin ba\u015f\u0131na 1 tablet (400-500 g) 3-5 g\u00fcn veya veteriner \u00f6nerisine g\u00f6re.\n<\/div>\n<h6>\u0130\u00e7erik:<\/h6>\n<p><i>COMBI MIX TOZ:<\/i><br \/>\nAmprolium %10, Seknidazol %15, yard\u0131mc\u0131 maddeler 100 g\u2019a tamamlan\u0131r.<\/p>\n<p><i>COMBI TABLET<\/i><br \/>\nAmprolium HCl 96 mg\/g; Dimetridazol HCl 50 mg\/g<\/p>\n","protected":false},"excerpt":{"rendered":"<p>Endikasyon: Combi mix 4 in 1, trichomonas, hexamita, koksidiyoz ve bo\u011fazdaki mukusun tedavisi i\u00e7in uygundur. Yar\u0131\u015f sezonunda ku\u015flar\u0131n en iyi durumda olmas\u0131&hellip;<\/p>\n","protected":false},"featured_media":10807,"template":"","meta":[],"product_cat":[222],"product_tag":[],"class_list":{"0":"post-11381","1":"product","2":"type-product","3":"status-publish","4":"has-post-thumbnail","6":"product_cat-guvercinler-icin-ilaclar","8":"first","9":"instock","10":"shipping-taxable","11":"product-type-simple"},"_links":{"self":[{"href":"https:\/\/care4birds.bg\/tr\/wp-json\/wp\/v2\/product\/11381","targetHints":{"allow":["GET"]}}],"collection":[{"href":"https:\/\/care4birds.bg\/tr\/wp-json\/wp\/v2\/product"}],"about":[{"href":"https:\/\/care4birds.bg\/tr\/wp-json\/wp\/v2\/types\/product"}],"wp:featuredmedia":[{"embeddable":true,"href":"https:\/\/care4birds.bg\/tr\/wp-json\/wp\/v2\/media\/10807"}],"wp:attachment":[{"href":"https:\/\/care4birds.bg\/tr\/wp-json\/wp\/v2\/media?parent=11381"}],"wp:term":[{"taxonomy":"product_cat","embeddable":true,"href":"https:\/\/care4birds.bg\/tr\/wp-json\/wp\/v2\/product_cat?post=11381"},{"taxonomy":"product_tag","embeddable":true,"href":"https:\/\/care4birds.bg\/tr\/wp-json\/wp\/v2\/product_tag?post=11381"}],"curies":[{"name":"wp","href":"https:\/\/api.w.org\/{rel}","templated":true}]}}