{"id":11398,"date":"2025-11-03T10:52:56","date_gmt":"2025-11-03T10:52:56","guid":{"rendered":"https:\/\/care4birds.bg\/product\/intestinal\/"},"modified":"2026-03-30T09:37:02","modified_gmt":"2026-03-30T09:37:02","slug":"intestinal","status":"publish","type":"product","link":"https:\/\/care4birds.bg\/tr\/urun\/intestinal\/","title":{"rendered":"Intestinal"},"content":{"rendered":"<div>\n<h6>Endikasyon:<\/h6>\n<p>Adeno-Coli Sendromu, Koksidiyoz, Canker ve genel bakteriyel enfeksiyonlar. Bu kar\u0131\u015f\u0131m, Adeno\/E-coli sendromu ve Koksidiyoz\u2019a kar\u015f\u0131 etkili aktif bile\u015fenlerin kombinasyonunu i\u00e7erir. Adeno\/E-coli sendromu gen\u00e7 g\u00fcvercinlerde g\u00f6r\u00fclen ve \u00e7ok zararl\u0131 olabilen bir problemdir. Erken tedavi \u00f6nemlidir.\n<\/p><\/div>\n<h6>Belirtiler:<\/h6>\n<div>Kilo ve genel durum kayb\u0131, kusma, mukuslu ve ye\u015fil d\u0131\u015fk\u0131, \u00f6l\u00fcm.<\/div>\n<h6>Dozaj:<\/h6>\n<div><i>BA\u011eIRSAK TOZU<\/i><br \/>\nKoruma: 1 \u00f6l\u00e7\u00fc ka\u015f\u0131\u011f\u0131 (=5g) 2 litre i\u00e7me suyuna 2 haftada bir 1 veya 2 g\u00fcn,<\/div>\n<div>tercihen yar\u0131\u015ftan sonraki g\u00fcn ba\u015flanarak.<\/div>\n<div>Tedavi: 1 \u00f6l\u00e7\u00fc ka\u015f\u0131\u011f\u0131 (=5g) 2 litre i\u00e7me suyuna 5-7 g\u00fcn boyunca.<\/div>\n<div>Kullanmadan \u00f6nce iyice kar\u0131\u015ft\u0131r\u0131n!<\/div>\n<div>Gerekirse birka\u00e7 g\u00fcn sonra tekrar edilebilir.<\/div>\n<div>Suya \u00e7\u00f6z\u00fcnebilen tozdur ve yemle de verilebilir.<\/div>\n<div>\n\u00d6l\u00e7\u00fc ka\u015f\u0131\u011f\u0131 1+5 g dahildir.<\/p>\n<p><i>BA\u011eIRSAK TABLETLER\u0130<\/i><br \/>\nKoruyucu: Her g\u00fcvercin i\u00e7in 1 tablet (400-500 g) 1-2 g\u00fcn.<br \/>\nTedavi: Her g\u00fcvercin i\u00e7in 1 tablet (400-500 g) 3-5 g\u00fcn veya veteriner \u00f6nerisine g\u00f6re.\n<\/div>\n<h6>\u0130\u00e7erik:<\/h6>\n<p><i>BA\u011eIRSAK TOZU<\/i><br \/>\nTrimetoprim %2,5, Sodyum S\u00fclfadiazin %12,5, Furaltadon HCl %5, Ronidazol %5, yard\u0131mc\u0131 maddeler 100 g\u2019a tamamlan\u0131r.<\/p>\n<p><i>BA\u011eIRSAK TABLETLER\u0130<\/i><br \/>\nTrimetoprim 37,5 mg\/g; S\u00fclfametoksazol 187,5 mg\/g<\/p>\n","protected":false},"excerpt":{"rendered":"<p>Endikasyon: Adeno-Coli Sendromu, Koksidiyoz, Canker ve genel bakteriyel enfeksiyonlar. Bu kar\u0131\u015f\u0131m, Adeno\/E-coli sendromu ve Koksidiyoz\u2019a kar\u015f\u0131 etkili aktif bile\u015fenlerin kombinasyonunu i\u00e7erir. Adeno\/E-coli&hellip;<\/p>\n","protected":false},"featured_media":10808,"template":"","meta":[],"product_cat":[222],"product_tag":[],"class_list":{"0":"post-11398","1":"product","2":"type-product","3":"status-publish","4":"has-post-thumbnail","6":"product_cat-guvercinler-icin-ilaclar","8":"first","9":"instock","10":"shipping-taxable","11":"product-type-simple"},"_links":{"self":[{"href":"https:\/\/care4birds.bg\/tr\/wp-json\/wp\/v2\/product\/11398","targetHints":{"allow":["GET"]}}],"collection":[{"href":"https:\/\/care4birds.bg\/tr\/wp-json\/wp\/v2\/product"}],"about":[{"href":"https:\/\/care4birds.bg\/tr\/wp-json\/wp\/v2\/types\/product"}],"wp:featuredmedia":[{"embeddable":true,"href":"https:\/\/care4birds.bg\/tr\/wp-json\/wp\/v2\/media\/10808"}],"wp:attachment":[{"href":"https:\/\/care4birds.bg\/tr\/wp-json\/wp\/v2\/media?parent=11398"}],"wp:term":[{"taxonomy":"product_cat","embeddable":true,"href":"https:\/\/care4birds.bg\/tr\/wp-json\/wp\/v2\/product_cat?post=11398"},{"taxonomy":"product_tag","embeddable":true,"href":"https:\/\/care4birds.bg\/tr\/wp-json\/wp\/v2\/product_tag?post=11398"}],"curies":[{"name":"wp","href":"https:\/\/api.w.org\/{rel}","templated":true}]}}