{"id":11415,"date":"2025-11-03T10:52:08","date_gmt":"2025-11-03T10:52:08","guid":{"rendered":"https:\/\/care4birds.bg\/product\/eye-drops\/"},"modified":"2026-03-30T09:27:17","modified_gmt":"2026-03-30T09:27:17","slug":"eye-drops","status":"publish","type":"product","link":"https:\/\/care4birds.bg\/tr\/urun\/eye-drops\/","title":{"rendered":"Eye drops"},"content":{"rendered":"<div>\n<h6>Endikasyon<\/h6>\n<\/div>\n<div>T\u00fcm enfeksiyon t\u00fcrleri; gram pozitif ve gram negatif bakterilerin neden oldu\u011fu g\u00f6z veya kulak hastal\u0131klar\u0131<\/div>\n<h6>Dozaj<\/h6>\n<div>1-2 damla veya veterinerin \u00f6nerisine g\u00f6re<\/div>\n<h6>Tedavi<\/h6>\n<div>\n\u0130yile\u015fme g\u00f6r\u00fclene kadar g\u00fcnde 1-2 kez veya veterinerin \u00f6nerisine g\u00f6re\n<\/div>\n<div><b>\u00dcR\u00dcN STERO\u0130D \u0130\u00c7ER\u0130R.<\/b><\/div>\n<h6>Form\u00fcl<\/h6>\n<div>i\u00e7erir: Prednizolon Sodyum Fosfat 55 mg\/g, Neomisin S\u00fclfat 50 mg\/g<\/div>\n<h6>\u0130\u00e7erik<\/h6>\n<div>10 ml ku\u015flar i\u00e7in veteriner ilac\u0131<\/div>\n","protected":false},"excerpt":{"rendered":"<p>Endikasyon T\u00fcm enfeksiyon t\u00fcrleri; gram pozitif ve gram negatif bakterilerin neden oldu\u011fu g\u00f6z veya kulak hastal\u0131klar\u0131 Dozaj 1-2 damla veya veterinerin \u00f6nerisine&hellip;<\/p>\n","protected":false},"featured_media":10809,"template":"","meta":[],"product_cat":[222],"product_tag":[],"class_list":{"0":"post-11415","1":"product","2":"type-product","3":"status-publish","4":"has-post-thumbnail","6":"product_cat-guvercinler-icin-ilaclar","8":"first","9":"instock","10":"shipping-taxable","11":"product-type-simple"},"_links":{"self":[{"href":"https:\/\/care4birds.bg\/tr\/wp-json\/wp\/v2\/product\/11415","targetHints":{"allow":["GET"]}}],"collection":[{"href":"https:\/\/care4birds.bg\/tr\/wp-json\/wp\/v2\/product"}],"about":[{"href":"https:\/\/care4birds.bg\/tr\/wp-json\/wp\/v2\/types\/product"}],"wp:featuredmedia":[{"embeddable":true,"href":"https:\/\/care4birds.bg\/tr\/wp-json\/wp\/v2\/media\/10809"}],"wp:attachment":[{"href":"https:\/\/care4birds.bg\/tr\/wp-json\/wp\/v2\/media?parent=11415"}],"wp:term":[{"taxonomy":"product_cat","embeddable":true,"href":"https:\/\/care4birds.bg\/tr\/wp-json\/wp\/v2\/product_cat?post=11415"},{"taxonomy":"product_tag","embeddable":true,"href":"https:\/\/care4birds.bg\/tr\/wp-json\/wp\/v2\/product_tag?post=11415"}],"curies":[{"name":"wp","href":"https:\/\/api.w.org\/{rel}","templated":true}]}}