{"id":11432,"date":"2025-11-03T10:51:24","date_gmt":"2025-11-03T10:51:24","guid":{"rendered":"https:\/\/care4birds.bg\/product\/general-care\/"},"modified":"2026-03-30T09:03:24","modified_gmt":"2026-03-30T09:03:24","slug":"general-care","status":"publish","type":"product","link":"https:\/\/care4birds.bg\/tr\/urun\/general-care\/","title":{"rendered":"General Care"},"content":{"rendered":"<div>\n<h6>Endikasyonlar:<\/h6>\n<p>Kanker (trikomoniyaz, heksamitiyaz), paratifo, E-coli ve genel bakteriyel enfeksiyonlar.\n<\/p><\/div>\n<h6>Belirtiler:<\/h6>\n<div>kilo kayb\u0131 ve genel durum bozuklu\u011fu, ye\u015fil mukuslu d\u0131\u015fk\u0131, bacak ve kanat eklemlerinde \u015fi\u015flik, k\u0131s\u0131r yumurtalar, bazen boynu yana \u00e7evirme, gen\u00e7 ku\u015f hastal\u0131\u011f\u0131, ani \u00f6l\u00fcm.<\/div>\n<h6>Dozaj:<\/h6>\n<div><i>GENERAL CARE POWDER<\/i><br \/>\nKoruma: 2 litre i\u00e7me suyuna 1 \u00f6l\u00e7ek (=5g) 1-2 g\u00fcn her 2 haftada bir,<\/div>\n<div>tercihen yar\u0131\u015ftan sonraki g\u00fcn ba\u015flan\u0131r.<\/div>\n<div>Tedavi: 2 litre i\u00e7me suyuna 1 \u00f6l\u00e7ek (=5g) 5-7 g\u00fcn ard\u0131\u015f\u0131k.<\/div>\n<div>Gerekirse tekrar edilebilir. Kullanmadan \u00f6nce iyice \u00e7alkalay\u0131n!<\/div>\n<div>General Care suda \u00e7\u00f6z\u00fcnebilen tozdur ve yemle de verilebilir.<\/div>\n<div>\n<p>\u00d6l\u00e7ek 1+5 g dahildir.<\/p>\n<p><i>GENERAL CARE tabletler<\/i><br \/>\nKoruyucu: Her g\u00fcvercine (400-500 g) 1 tablet 1-2 g\u00fcn.<br \/>\nTedavi: Her g\u00fcvercine (400-500 g) 1 tablet 3-5 g\u00fcn veya veteriner \u00f6nerisine g\u00f6re.\n<\/div>\n<h6>Bile\u015fim:<\/h6>\n<div><i>GENERAL CARE POWDER<\/i><br \/>\nFuraltadon HCI %12, Metronidazol %20, Klorotetrasiklin HCI %10, yard\u0131mc\u0131 maddeler 100 g\u2019a kadar.<i>GENERAL CARE TABS<\/i><br \/>\nFuraltadon HCl 75 mg\/g; Ronidazol 25 mg\/g<\/div>\n","protected":false},"excerpt":{"rendered":"<p>Endikasyonlar: Kanker (trikomoniyaz, heksamitiyaz), paratifo, E-coli ve genel bakteriyel enfeksiyonlar. Belirtiler: kilo kayb\u0131 ve genel durum bozuklu\u011fu, ye\u015fil mukuslu d\u0131\u015fk\u0131, bacak ve&hellip;<\/p>\n","protected":false},"featured_media":10810,"template":"","meta":[],"product_cat":[222],"product_tag":[],"class_list":{"0":"post-11432","1":"product","2":"type-product","3":"status-publish","4":"has-post-thumbnail","6":"product_cat-guvercinler-icin-ilaclar","8":"first","9":"instock","10":"shipping-taxable","11":"product-type-simple"},"_links":{"self":[{"href":"https:\/\/care4birds.bg\/tr\/wp-json\/wp\/v2\/product\/11432","targetHints":{"allow":["GET"]}}],"collection":[{"href":"https:\/\/care4birds.bg\/tr\/wp-json\/wp\/v2\/product"}],"about":[{"href":"https:\/\/care4birds.bg\/tr\/wp-json\/wp\/v2\/types\/product"}],"wp:featuredmedia":[{"embeddable":true,"href":"https:\/\/care4birds.bg\/tr\/wp-json\/wp\/v2\/media\/10810"}],"wp:attachment":[{"href":"https:\/\/care4birds.bg\/tr\/wp-json\/wp\/v2\/media?parent=11432"}],"wp:term":[{"taxonomy":"product_cat","embeddable":true,"href":"https:\/\/care4birds.bg\/tr\/wp-json\/wp\/v2\/product_cat?post=11432"},{"taxonomy":"product_tag","embeddable":true,"href":"https:\/\/care4birds.bg\/tr\/wp-json\/wp\/v2\/product_tag?post=11432"}],"curies":[{"name":"wp","href":"https:\/\/api.w.org\/{rel}","templated":true}]}}