{"id":11449,"date":"2025-11-03T10:49:37","date_gmt":"2025-11-03T10:49:37","guid":{"rendered":"https:\/\/care4birds.bg\/product\/coli-stop\/"},"modified":"2026-03-30T08:47:20","modified_gmt":"2026-03-30T08:47:20","slug":"coli-stop","status":"publish","type":"product","link":"https:\/\/care4birds.bg\/tr\/urun\/coli-stop\/","title":{"rendered":"Coli Stop"},"content":{"rendered":"<h6>Endikasyon:<\/h6>\n<div>E-Coli, paratifo, streptokok, stafilokok ve genel bakteriyel enfeksiyonlar.<\/div>\n<h6>Belirtiler:<\/h6>\n<div>i\u015ftahs\u0131zl\u0131k, kursa\u011f\u0131n yava\u015f bo\u015falmas\u0131, kilo kayb\u0131, kusma, kahverengi-ye\u015fil sulu veya mukuslu d\u0131\u015fk\u0131, ani \u00f6l\u00fcm.<\/div>\n<h6>Dozaj:<\/h6>\n<div><i>COLI STOP POWDER:<\/i><br \/>\nKoruyucu: 2 litre i\u00e7me suyuna 1 \u00f6l\u00e7ek (=5 g), her 2 haftada 1-2 g\u00fcn,<\/div>\n<div>tercihen yar\u0131\u015ftan sonraki g\u00fcn ba\u015flanarak.<\/div>\n<div>Tedavi: 2 litre i\u00e7me suyuna 1 \u00f6l\u00e7ek (=5 g), 5-7 g\u00fcn boyunca ard\u0131\u015f\u0131k.<\/div>\n<div>Gerekirse birka\u00e7 g\u00fcn sonra tekrar edilebilir.<\/div>\n<div>Coli Stop suda \u00e7\u00f6z\u00fcnebilen bir tozdur ve yeme kat\u0131larak da verilebilir.<\/div>\n<div>\n<p>1+5 g \u00f6l\u00e7\u00fc ka\u015f\u0131\u011f\u0131 dahildir.<\/p>\n<p><i>COLI STOP TABS:<\/i><br \/>\nKoruyucu: G\u00fcvercin ba\u015f\u0131na 1 tablet (400-500 g v\u00fccut a\u011f\u0131rl\u0131\u011f\u0131) 1-2 g\u00fcn boyunca.<br \/>\nTedavi edici: G\u00fcvercin ba\u015f\u0131na 1 tablet (400-500 g v\u00fccut a\u011f\u0131rl\u0131\u011f\u0131) 3-5 g\u00fcn boyunca veya veteriner \u00f6nerisine g\u00f6re.<\/p>\n<\/div>\n<h6>\u0130\u00e7erik:<\/h6>\n<div><i>COLI STOP POWDER:<\/i><br \/>\nStreptomisin s\u00fclfat %13,9, Neomisin s\u00fclfat %4, Kolistin s\u00fclfat %2. \u0130naktif maddeler 100 g\u2019a tamamlan\u0131r.<\/div>\n<div><i>COLI STOP TABS<\/i><br \/>\nNeomisin s\u00fclfat 5,0 mg\/g; Streptomisin s\u00fclfat 17,4 mg\/g; Kolistin s\u00fclfat 2,5 mg\/g<\/div>\n","protected":false},"excerpt":{"rendered":"<p>Endikasyon: E-Coli, paratifo, streptokok, stafilokok ve genel bakteriyel enfeksiyonlar. Belirtiler: i\u015ftahs\u0131zl\u0131k, kursa\u011f\u0131n yava\u015f bo\u015falmas\u0131, kilo kayb\u0131, kusma, kahverengi-ye\u015fil sulu veya mukuslu d\u0131\u015fk\u0131,&hellip;<\/p>\n","protected":false},"featured_media":10811,"template":"","meta":[],"product_cat":[222],"product_tag":[],"class_list":{"0":"post-11449","1":"product","2":"type-product","3":"status-publish","4":"has-post-thumbnail","6":"product_cat-guvercinler-icin-ilaclar","8":"first","9":"instock","10":"shipping-taxable","11":"product-type-simple"},"_links":{"self":[{"href":"https:\/\/care4birds.bg\/tr\/wp-json\/wp\/v2\/product\/11449","targetHints":{"allow":["GET"]}}],"collection":[{"href":"https:\/\/care4birds.bg\/tr\/wp-json\/wp\/v2\/product"}],"about":[{"href":"https:\/\/care4birds.bg\/tr\/wp-json\/wp\/v2\/types\/product"}],"wp:featuredmedia":[{"embeddable":true,"href":"https:\/\/care4birds.bg\/tr\/wp-json\/wp\/v2\/media\/10811"}],"wp:attachment":[{"href":"https:\/\/care4birds.bg\/tr\/wp-json\/wp\/v2\/media?parent=11449"}],"wp:term":[{"taxonomy":"product_cat","embeddable":true,"href":"https:\/\/care4birds.bg\/tr\/wp-json\/wp\/v2\/product_cat?post=11449"},{"taxonomy":"product_tag","embeddable":true,"href":"https:\/\/care4birds.bg\/tr\/wp-json\/wp\/v2\/product_tag?post=11449"}],"curies":[{"name":"wp","href":"https:\/\/api.w.org\/{rel}","templated":true}]}}