{"id":11466,"date":"2025-11-03T10:49:34","date_gmt":"2025-11-03T10:49:34","guid":{"rendered":"https:\/\/care4birds.bg\/product\/eye-cream\/"},"modified":"2026-03-30T08:36:15","modified_gmt":"2026-03-30T08:36:15","slug":"eye-cream","status":"publish","type":"product","link":"https:\/\/care4birds.bg\/tr\/urun\/eye-cream\/","title":{"rendered":"Eye cream"},"content":{"rendered":"<div>\n<h6>Endikasyon<\/h6>\n<\/div>\n<div>t\u00fcm enfeksiyon t\u00fcrleri; alerjik reaksiyonlarla komplike g\u00f6z veya kulak hastal\u0131klar\u0131.<\/div>\n<h6>Dozaj<\/h6>\n<div>g\u00f6z veya kulak \u00e7evresine az miktarda, ya da veteriner hekimin \u00f6nerdi\u011fi \u015fekilde<\/div>\n<h6>Tedavi<\/h6>\n<div>iyile\u015fme g\u00f6r\u00fclene kadar g\u00fcnde 1-2 kez, ya da veteriner hekimin \u00f6nerisine g\u00f6re<\/div>\n<h6><b>\u00dcR\u00dcN STERO\u0130D \u0130\u00c7ER\u0130R, YARI\u015e \u00d6NCES\u0130 KULLANMAYIN.<\/b><\/h6>\n<h6>Form\u00fcl<\/h6>\n<div>\u0130\u00e7erir: Oksitetrasiklin HCl 5,4 mg\/g, Polimiksin B s\u00fclfat 1,27 mg\/g,<\/div>\n<div>Hidrokortizon mikronize 1,5 mg\/g (5 graml\u0131k t\u00fcp)<\/div>\n<h6>\u0130\u00e7erik:<\/h6>\n<div>5 g ku\u015flar i\u00e7in veteriner ilac\u0131<\/div>\n","protected":false},"excerpt":{"rendered":"<p>Endikasyon t\u00fcm enfeksiyon t\u00fcrleri; alerjik reaksiyonlarla komplike g\u00f6z veya kulak hastal\u0131klar\u0131. Dozaj g\u00f6z veya kulak \u00e7evresine az miktarda, ya da veteriner hekimin&hellip;<\/p>\n","protected":false},"featured_media":11467,"template":"","meta":[],"product_cat":[222],"product_tag":[],"class_list":{"0":"post-11466","1":"product","2":"type-product","3":"status-publish","4":"has-post-thumbnail","6":"product_cat-guvercinler-icin-ilaclar","8":"first","9":"instock","10":"shipping-taxable","11":"product-type-simple"},"_links":{"self":[{"href":"https:\/\/care4birds.bg\/tr\/wp-json\/wp\/v2\/product\/11466","targetHints":{"allow":["GET"]}}],"collection":[{"href":"https:\/\/care4birds.bg\/tr\/wp-json\/wp\/v2\/product"}],"about":[{"href":"https:\/\/care4birds.bg\/tr\/wp-json\/wp\/v2\/types\/product"}],"wp:featuredmedia":[{"embeddable":true,"href":"https:\/\/care4birds.bg\/tr\/wp-json\/wp\/v2\/media\/11467"}],"wp:attachment":[{"href":"https:\/\/care4birds.bg\/tr\/wp-json\/wp\/v2\/media?parent=11466"}],"wp:term":[{"taxonomy":"product_cat","embeddable":true,"href":"https:\/\/care4birds.bg\/tr\/wp-json\/wp\/v2\/product_cat?post=11466"},{"taxonomy":"product_tag","embeddable":true,"href":"https:\/\/care4birds.bg\/tr\/wp-json\/wp\/v2\/product_tag?post=11466"}],"curies":[{"name":"wp","href":"https:\/\/api.w.org\/{rel}","templated":true}]}}