{"id":11484,"date":"2025-11-03T10:44:11","date_gmt":"2025-11-03T10:44:11","guid":{"rendered":"https:\/\/care4birds.bg\/product\/endo-ecto-drops\/"},"modified":"2026-03-30T08:20:30","modified_gmt":"2026-03-30T08:20:30","slug":"endo-ecto-drops","status":"publish","type":"product","link":"https:\/\/care4birds.bg\/tr\/urun\/endo-ecto-drops\/","title":{"rendered":"Endo-ecto drops"},"content":{"rendered":"<h6>Endikasyon:<\/h6>\n<div>Bit, akar ve kurt enfestasyonlar\u0131n\u0131n \u00f6nlenmesi ve tedavisi i\u00e7in.<\/div>\n<h6>Kontrendikasyonlar:<\/h6>\n<div>Doz a\u015f\u0131m\u0131, t\u00fcy d\u00f6k\u00fcm\u00fc d\u00f6neminde ve 14 g\u00fcnden k\u00fc\u00e7\u00fck ku\u015flarda kullan\u0131lmaz.<\/div>\n<h6>Etkile\u015fimler:<\/h6>\n<div>Bu dozda bilinmemektedir<\/div>\n<h6>Bile\u015fim:<\/h6>\n<div>Ivermektin %0,3, yard\u0131mc\u0131 maddeler 10 ml\u2019ye tamamlan\u0131r.<\/div>\n<div><\/div>\n<h6>\u0130\u00e7erik:<\/h6>\n<div>250 ila 3000 gram canl\u0131 a\u011f\u0131rl\u0131ktaki g\u00fcvercin ve ku\u015flar i\u00e7in 10 ml lokal uygulama sol\u00fcsyonu (damlal\u0131k).<\/div>\n<h6>Dozaj:<\/h6>\n<div>Boyunda, t\u00fcys\u00fcz deriye: 200 g canl\u0131 a\u011f\u0131rl\u0131k i\u00e7in 1 damla, 500 g canl\u0131 a\u011f\u0131rl\u0131k i\u00e7in 2 damla<\/div>\n<div>Gerekirse 4-6 hafta sonra tekrar uygulanabilir veya veteriner \u00f6nerisine g\u00f6re.<\/div>\n<div>Banyo suyu dozu: 10 litre banyo suyuna 40 damla.<\/div>\n","protected":false},"excerpt":{"rendered":"<p>Endikasyon: Bit, akar ve kurt enfestasyonlar\u0131n\u0131n \u00f6nlenmesi ve tedavisi i\u00e7in. Kontrendikasyonlar: Doz a\u015f\u0131m\u0131, t\u00fcy d\u00f6k\u00fcm\u00fc d\u00f6neminde ve 14 g\u00fcnden k\u00fc\u00e7\u00fck ku\u015flarda kullan\u0131lmaz.&hellip;<\/p>\n","protected":false},"featured_media":11485,"template":"","meta":[],"product_cat":[222],"product_tag":[],"class_list":{"0":"post-11484","1":"product","2":"type-product","3":"status-publish","4":"has-post-thumbnail","6":"product_cat-guvercinler-icin-ilaclar","8":"first","9":"instock","10":"shipping-taxable","11":"product-type-simple"},"_links":{"self":[{"href":"https:\/\/care4birds.bg\/tr\/wp-json\/wp\/v2\/product\/11484","targetHints":{"allow":["GET"]}}],"collection":[{"href":"https:\/\/care4birds.bg\/tr\/wp-json\/wp\/v2\/product"}],"about":[{"href":"https:\/\/care4birds.bg\/tr\/wp-json\/wp\/v2\/types\/product"}],"wp:featuredmedia":[{"embeddable":true,"href":"https:\/\/care4birds.bg\/tr\/wp-json\/wp\/v2\/media\/11485"}],"wp:attachment":[{"href":"https:\/\/care4birds.bg\/tr\/wp-json\/wp\/v2\/media?parent=11484"}],"wp:term":[{"taxonomy":"product_cat","embeddable":true,"href":"https:\/\/care4birds.bg\/tr\/wp-json\/wp\/v2\/product_cat?post=11484"},{"taxonomy":"product_tag","embeddable":true,"href":"https:\/\/care4birds.bg\/tr\/wp-json\/wp\/v2\/product_tag?post=11484"}],"curies":[{"name":"wp","href":"https:\/\/api.w.org\/{rel}","templated":true}]}}