{"id":11502,"date":"2025-11-03T10:20:24","date_gmt":"2025-11-03T10:20:24","guid":{"rendered":"https:\/\/care4birds.bg\/product\/salmo-stop\/"},"modified":"2026-03-30T08:07:44","modified_gmt":"2026-03-30T08:07:44","slug":"salmo-stop","status":"publish","type":"product","link":"https:\/\/care4birds.bg\/tr\/urun\/salmo-stop\/","title":{"rendered":"Salmo-Stop"},"content":{"rendered":"<div>\n<h6>Endikasyonlar:<\/h6>\n<p>Salmonella (paratifo), E-Coli ve bakteriyel enfeksiyonlar.<\/p>\n<\/div>\n<h6>Belirtiler:<\/h6>\n<div>\u0130shal (ye\u015fil ishal ve baz\u0131 ku\u015flarda kusma g\u00f6r\u00fclebilir), kursa\u011f\u0131n yava\u015f bo\u015falmas\u0131, enfeksiy\u00f6z artrit (topallama veya d\u00fc\u015f\u00fck kanat), deri alt\u0131 apseleri (genellikle g\u00f6z alt\u0131nda sert, sar\u0131 ve kuru irin i\u00e7eren k\u00fc\u00e7\u00fck bir \u015fi\u015flik olarak), k\u0131s\u0131rl\u0131k, ani \u00f6l\u00fcm<\/div>\n<h6>Dozaj:<\/h6>\n<div><i>SALMO STOP POWDER<\/i><br \/>\nKoruyucu: 2 litre i\u00e7me suyuna 1 \u00f6l\u00e7ek (=5g), her 2 haftada 1 veya 2 g\u00fcn boyunca, tercihen<\/div>\n<div>yar\u0131\u015ftan sonraki g\u00fcn ba\u015flanarak.<\/div>\n<div>Tedavi: 2 litre i\u00e7me suyuna 1 \u00f6l\u00e7ek (=5g), 5-7 g\u00fcn boyunca ard\u0131\u015f\u0131k olarak.<\/div>\n<div>Gerekirse birka\u00e7 g\u00fcn sonra tekrar edilebilir. Kullanmadan \u00f6nce iyice kar\u0131\u015ft\u0131r\u0131n\u0131z!<\/div>\n<div>Salmo Stop suda \u00e7\u00f6z\u00fcnebilen bir tozdur ve yeme kat\u0131larak da verilebilir.<\/div>\n<div>\n<p>1+5 g \u00f6l\u00e7\u00fc ka\u015f\u0131\u011f\u0131 dahildir.<\/p>\n<p><i>SALMO STOP TABS<\/i><br \/>\nKoruyucu: G\u00fcvercin ba\u015f\u0131na 1 tablet (400-500 g v\u00fccut a\u011f\u0131rl\u0131\u011f\u0131) 1-2 g\u00fcn boyunca.<br \/>\nTedavi edici: G\u00fcvercin ba\u015f\u0131na 1 tablet (400-500 g v\u00fccut a\u011f\u0131rl\u0131\u011f\u0131) 3-5 g\u00fcn boyunca veya veteriner \u00f6nerisine g\u00f6re.<\/p>\n<\/div>\n<h6>\u0130\u00e7indekiler:<\/h6>\n<div><i>SALMO STOP POWDER<\/i><br \/>\nFuraltadon HCI %12,5, Klortetrasiklin HCl %12,5, Kloramfenikol %8. \u0130naktif maddeler 100 g\u2019a tamamlan\u0131r<br \/>\n<i>SALMO STOP TABS<\/i><br \/>\nKlortetrasiklin HCl 78 mg\/g; Furaltadon HCl 80 mg\/g; Kloramfenikol 50 mg\/g;<\/div>\n","protected":false},"excerpt":{"rendered":"<p>Endikasyonlar: Salmonella (paratifo), E-Coli ve bakteriyel enfeksiyonlar. Belirtiler: \u0130shal (ye\u015fil ishal ve baz\u0131 ku\u015flarda kusma g\u00f6r\u00fclebilir), kursa\u011f\u0131n yava\u015f bo\u015falmas\u0131, enfeksiy\u00f6z artrit (topallama&hellip;<\/p>\n","protected":false},"featured_media":11503,"template":"","meta":[],"product_cat":[222],"product_tag":[],"class_list":{"0":"post-11502","1":"product","2":"type-product","3":"status-publish","4":"has-post-thumbnail","6":"product_cat-guvercinler-icin-ilaclar","8":"first","9":"instock","10":"shipping-taxable","11":"product-type-simple"},"_links":{"self":[{"href":"https:\/\/care4birds.bg\/tr\/wp-json\/wp\/v2\/product\/11502","targetHints":{"allow":["GET"]}}],"collection":[{"href":"https:\/\/care4birds.bg\/tr\/wp-json\/wp\/v2\/product"}],"about":[{"href":"https:\/\/care4birds.bg\/tr\/wp-json\/wp\/v2\/types\/product"}],"wp:featuredmedia":[{"embeddable":true,"href":"https:\/\/care4birds.bg\/tr\/wp-json\/wp\/v2\/media\/11503"}],"wp:attachment":[{"href":"https:\/\/care4birds.bg\/tr\/wp-json\/wp\/v2\/media?parent=11502"}],"wp:term":[{"taxonomy":"product_cat","embeddable":true,"href":"https:\/\/care4birds.bg\/tr\/wp-json\/wp\/v2\/product_cat?post=11502"},{"taxonomy":"product_tag","embeddable":true,"href":"https:\/\/care4birds.bg\/tr\/wp-json\/wp\/v2\/product_tag?post=11502"}],"curies":[{"name":"wp","href":"https:\/\/api.w.org\/{rel}","templated":true}]}}